{"id":26777,"date":"2021-01-29T06:07:03","date_gmt":"2021-01-29T05:07:03","guid":{"rendered":"https:\/\/dev.fiderenos.com\/recepcion\/"},"modified":"2024-09-04T23:31:33","modified_gmt":"2024-09-04T21:31:33","slug":"inicio","status":"publish","type":"page","link":"https:\/\/dev.fiderenos.com\/es\/","title":{"rendered":"Inicio"},"content":{"rendered":"\n<div class=\"wp-block-cover alignfull has-parallax\" style=\"padding-top:var(--wp--preset--spacing--50);padding-right:var(--wp--preset--spacing--50);padding-bottom:var(--wp--preset--spacing--50);padding-left:var(--wp--preset--spacing--50);min-height:80vh;aspect-ratio:unset;\"><span aria-hidden=\"true\" class=\"wp-block-cover__background has-ast-global-color-3-background-color has-background-dim-60 has-background-dim\"><\/span><div class=\"wp-block-cover__image-background wp-image-26288 has-parallax\" style=\"background-position:50% 50%;background-image:url(https:\/\/dev.fiderenos.com\/wp-content\/uploads\/2023\/07\/south-europe-business-development-map.jpg)\"><\/div><div class=\"wp-block-cover__inner-container is-layout-flow wp-block-cover-is-layout-flow\">\n<h1 class=\"wp-block-heading has-ast-global-color-5-color has-text-color has-link-color wp-elements-9c920c5dca4617c6d1db1dc77e086223\" style=\"margin-top:0;margin-right:0;margin-bottom:0;margin-left:0;padding-top:0;padding-right:0;padding-bottom:0;padding-left:0;font-size:34px\">Agencia de outsourcing comercial, rentabilizamos tu estrategia de internacionalizaci\u00f3n a Francia<\/h1>\n<\/div><\/div>\n\n\n\n<div class=\"inherit-container-width wp-block-group alignfull has-ast-global-color-5-background-color has-background is-layout-constrained wp-block-group-is-layout-constrained\"><div class=\"wp-block-group__inner-container\">\n<hr class=\"wp-block-separator has-text-color has-ast-global-color-1-color has-alpha-channel-opacity has-ast-global-color-1-background-color has-background\"\/>\n\n\n\n<h2 class=\"wp-block-heading has-text-align-center\">Servicios de outsourcing comercial internacional<\/h2>\n\n\n\n<div style=\"height:20px\" aria-hidden=\"true\" class=\"wp-block-spacer\"><\/div>\n\n\n\n<div class=\"wp-block-columns is-layout-flex wp-container-core-columns-is-layout-28f84493 wp-block-columns-is-layout-flex\">\n<div class=\"wp-block-column is-layout-flow wp-block-column-is-layout-flow\">\n<div class=\"wp-block-cover\"><span aria-hidden=\"true\" class=\"wp-block-cover__background has-ast-global-color-3-background-color has-background-dim-60 has-background-dim\"><\/span><img decoding=\"async\" width=\"500\" height=\"500\" class=\"wp-block-cover__image-background wp-image-26346\" alt=\"\" src=\"https:\/\/dev.fiderenos.com\/wp-content\/uploads\/2023\/07\/market-study-holistic-analysis-iberia.jpg\" data-object-fit=\"cover\" title=\"\" srcset=\"https:\/\/dev.fiderenos.com\/wp-content\/uploads\/2023\/07\/market-study-holistic-analysis-iberia.jpg 500w, https:\/\/dev.fiderenos.com\/wp-content\/uploads\/2023\/07\/market-study-holistic-analysis-iberia-300x300.jpg 300w, https:\/\/dev.fiderenos.com\/wp-content\/uploads\/2023\/07\/market-study-holistic-analysis-iberia-150x150.jpg 150w\" sizes=\"(max-width: 500px) 100vw, 500px\" \/><div class=\"wp-block-cover__inner-container is-layout-flow wp-block-cover-is-layout-flow\">\n<h3 class=\"wp-block-heading has-ast-global-color-5-color has-text-color has-link-color wp-elements-bd788cf4f6ce34be0acb4ddff2ed03a1\">Outsourcing Comercial Francia &#8211; An\u00e1lisis de mercado<\/h3>\n\n\n\n<hr class=\"wp-block-separator has-text-color has-ast-global-color-0-color has-css-opacity has-ast-global-color-0-background-color has-background is-style-wide\"\/>\n\n\n\n<p class=\"has-ast-global-color-5-color has-text-color has-link-color wp-elements-75cfffcc3a014cb2735a37a960c3e105\"><em>Conducimos un an\u00e1lisis hol\u00edstico del contexto, de la situaci\u00f3n y de las condiciones de acceso al mercado objetivo de tu propuesta de valor, permitiendo priorizar los pasos a seguir para el desarrollo de negocio internacional de tu empresa.<\/em><\/p>\n\n\n\n<div class=\"wp-block-buttons is-layout-flex wp-block-buttons-is-layout-flex\">\n<div class=\"wp-block-button\"><a class=\"wp-block-button__link wp-element-button\" href=\"https:\/\/dev.fiderenos.com\/es\/servicios\/#market-discovery\">Me interesa<\/a><\/div>\n<\/div>\n<\/div><\/div>\n<\/div>\n\n\n\n<div class=\"wp-block-column is-layout-flow wp-block-column-is-layout-flow\">\n<div class=\"wp-block-cover\"><span aria-hidden=\"true\" class=\"wp-block-cover__background has-ast-global-color-3-background-color has-background-dim-60 has-background-dim\"><\/span><img decoding=\"async\" width=\"500\" height=\"500\" class=\"wp-block-cover__image-background wp-image-26348\" alt=\"\" src=\"https:\/\/dev.fiderenos.com\/wp-content\/uploads\/2023\/07\/prospection-plan-definition-execution-iberia.jpg\" data-object-fit=\"cover\" title=\"\" srcset=\"https:\/\/dev.fiderenos.com\/wp-content\/uploads\/2023\/07\/prospection-plan-definition-execution-iberia.jpg 500w, https:\/\/dev.fiderenos.com\/wp-content\/uploads\/2023\/07\/prospection-plan-definition-execution-iberia-300x300.jpg 300w, https:\/\/dev.fiderenos.com\/wp-content\/uploads\/2023\/07\/prospection-plan-definition-execution-iberia-150x150.jpg 150w\" sizes=\"(max-width: 500px) 100vw, 500px\" \/><div class=\"wp-block-cover__inner-container is-layout-flow wp-block-cover-is-layout-flow\">\n<h3 class=\"wp-block-heading has-ast-global-color-5-color has-text-color has-link-color wp-elements-d1d0d6d1c043d8e215e3b34a768cddce\">Ejecuci\u00f3n de un plan de generaci\u00f3n de leads<\/h3>\n\n\n\n<hr class=\"wp-block-separator has-text-color has-ast-global-color-0-color has-css-opacity has-ast-global-color-0-background-color has-background is-style-wide\"\/>\n\n\n\n<p class=\"has-ast-global-color-5-color has-text-color has-link-color wp-elements-c841214a6df2ee4e6e93f001316dd04b\"><em>Delega en Fiderenos las acciones de generaci\u00f3n de leads en el mercado franc\u00e9s, ejecutadas por nuestros empleados franc\u00f3fonos,<\/em> <em>preparando as\u00ed el terreno para una futura estrategia de internacionalizaci\u00f3n.<\/em><\/p>\n\n\n\n<div class=\"wp-block-buttons is-layout-flex wp-block-buttons-is-layout-flex\">\n<div class=\"wp-block-button\"><a class=\"wp-block-button__link wp-element-button\" href=\"https:\/\/dev.fiderenos.com\/es\/servicios\/#business-prospection\">Me interesa<\/a><\/div>\n<\/div>\n<\/div><\/div>\n<\/div>\n\n\n\n<div class=\"wp-block-column is-layout-flow wp-block-column-is-layout-flow\">\n<div class=\"wp-block-cover\"><span aria-hidden=\"true\" class=\"wp-block-cover__background has-ast-global-color-3-background-color has-background-dim-60 has-background-dim\"><\/span><img decoding=\"async\" width=\"500\" height=\"500\" class=\"wp-block-cover__image-background wp-image-26373\" alt=\"\" src=\"https:\/\/dev.fiderenos.com\/wp-content\/uploads\/2023\/07\/outsourcing-sales-business-development-strategy.jpg\" data-object-fit=\"cover\" title=\"\" srcset=\"https:\/\/dev.fiderenos.com\/wp-content\/uploads\/2023\/07\/outsourcing-sales-business-development-strategy.jpg 500w, https:\/\/dev.fiderenos.com\/wp-content\/uploads\/2023\/07\/outsourcing-sales-business-development-strategy-300x300.jpg 300w, https:\/\/dev.fiderenos.com\/wp-content\/uploads\/2023\/07\/outsourcing-sales-business-development-strategy-150x150.jpg 150w\" sizes=\"(max-width: 500px) 100vw, 500px\" \/><div class=\"wp-block-cover__inner-container is-layout-flow wp-block-cover-is-layout-flow\">\n<h3 class=\"wp-block-heading has-ast-global-color-5-color has-text-color has-link-color wp-elements-da4555cf5a79f07a434d8c2e14337109\">Ejecuci\u00f3n de toda tu Estrategia de  Internacionalizaci\u00f3n <\/h3>\n\n\n\n<hr class=\"wp-block-separator has-text-color has-ast-global-color-0-color has-css-opacity has-ast-global-color-0-background-color has-background is-style-wide\"\/>\n\n\n\n<p class=\"has-ast-global-color-5-color has-text-color has-link-color wp-elements-f99465abac5ab4d977109cbf5659d0df\"><em>Asumimos el papel de \u00abDirector Comercial Francia\u00bb en su nombre, y gestionamos todo el plan de desarrollo internacional, garantizando que la misi\u00f3n forme parte de una din\u00e1mica de crecimiento internacional sostenible.<\/em><\/p>\n\n\n\n<div class=\"wp-block-buttons is-layout-flex wp-block-buttons-is-layout-flex\">\n<div class=\"wp-block-button\"><a class=\"wp-block-button__link wp-element-button\" href=\"https:\/\/dev.fiderenos.com\/es\/servicios\/#outsourcing-business-strategy\">Me interesa<\/a><\/div>\n<\/div>\n<\/div><\/div>\n<\/div>\n<\/div>\n\n\n\n<div class=\"inherit-container-width wp-block-group alignfull has-ast-global-color-5-background-color has-background is-layout-constrained wp-block-group-is-layout-constrained\"><div class=\"wp-block-group__inner-container\">\n<hr class=\"wp-block-separator has-text-color has-ast-global-color-1-color has-alpha-channel-opacity has-ast-global-color-1-background-color has-background\"\/>\n\n\n\n<h2 class=\"wp-block-heading has-text-align-center\">Conf\u00edan en Fiderenos como partner de outsourcing comercial Espa\u00f1a<\/h2>\n\n\n\n<div style=\"height:20px\" aria-hidden=\"true\" class=\"wp-block-spacer\"><\/div>\n\n\n\n<div class=\"wp-block-uagb-container uagb-block-9d9a5150 alignfull uagb-is-root-container\"><div class=\"uagb-container-inner-blocks-wrap\">\n<div class=\"wp-block-uagb-container uagb-block-5aecca18\">\n<div class=\"wp-block-uagb-image aligncenter uagb-block-3107c974 wp-block-uagb-image--layout-default wp-block-uagb-image--effect-static wp-block-uagb-image--align-center\"><figure class=\"wp-block-uagb-image__figure\"><a class=\"\" href=\"https:\/\/alteia.com\/\" target=\"\" rel=\"noopener\"><img decoding=\"async\" srcset=\"https:\/\/dev.fiderenos.com\/wp-content\/uploads\/2023\/06\/Alteia-logo-customer-ref-1.png ,https:\/\/dev.fiderenos.com\/wp-content\/uploads\/2023\/06\/Alteia-logo-customer-ref-1.png 780w, https:\/\/dev.fiderenos.com\/wp-content\/uploads\/2023\/06\/Alteia-logo-customer-ref-1.png 360w\" sizes=\"auto, (max-width: 480px) 150px\" src=\"https:\/\/dev.fiderenos.com\/wp-content\/uploads\/2023\/06\/Alteia-logo-customer-ref-1.png\" alt=\"Logo Alteia - outsourcing comercial\" class=\"uag-image-25991\" width=\"170\" height=\"70\" title=\"\" loading=\"lazy\" role=\"img\"><\/a><\/figure><\/div>\n<\/div>\n\n\n\n<div class=\"wp-block-uagb-container uagb-block-025d1077\">\n<div class=\"wp-block-uagb-image aligncenter uagb-block-521c8b90 wp-block-uagb-image--layout-default wp-block-uagb-image--effect-static wp-block-uagb-image--align-center\"><figure class=\"wp-block-uagb-image__figure\"><a class=\"\" href=\"https:\/\/www.wintersteiger.com\/fr\/Recherche-et-culture-de-plantes\" target=\"\" rel=\"noopener\"><img decoding=\"async\" srcset=\"https:\/\/dev.fiderenos.com\/wp-content\/uploads\/2023\/06\/Wintersteiger-logo-customer-ref-2-e1688483896570.png ,https:\/\/dev.fiderenos.com\/wp-content\/uploads\/2023\/06\/Wintersteiger-logo-customer-ref-2-e1688483896570.png 780w, https:\/\/dev.fiderenos.com\/wp-content\/uploads\/2023\/06\/Wintersteiger-logo-customer-ref-2-e1688483896570.png 360w\" sizes=\"auto, (max-width: 480px) 150px\" src=\"https:\/\/dev.fiderenos.com\/wp-content\/uploads\/2023\/06\/Wintersteiger-logo-customer-ref-2-e1688483896570.png\" alt=\"Logo Wintersteiger - outsourcing comercial internacional\" class=\"uag-image-25992\" width=\"265\" height=\"70\" title=\"\" loading=\"lazy\" role=\"img\"><\/a><\/figure><\/div>\n<\/div>\n\n\n\n<div class=\"wp-block-uagb-container uagb-block-e62f0d0f\">\n<div class=\"wp-block-uagb-image aligncenter uagb-block-24b03de7 wp-block-uagb-image--layout-default wp-block-uagb-image--effect-static wp-block-uagb-image--align-center\"><figure class=\"wp-block-uagb-image__figure\"><a class=\"\" href=\"https:\/\/www.4modtechnology.com\/\" target=\"\" rel=\"noopener\"><img decoding=\"async\" srcset=\"https:\/\/dev.fiderenos.com\/wp-content\/uploads\/2023\/06\/4MOD-logo-customer-ref-3.png ,https:\/\/dev.fiderenos.com\/wp-content\/uploads\/2023\/06\/4MOD-logo-customer-ref-3.png 780w\" sizes=\"auto, (max-width: 480px) 150px\" src=\"https:\/\/dev.fiderenos.com\/wp-content\/uploads\/2023\/06\/4MOD-logo-customer-ref-3.png\" alt=\"Logo 4MOD - outsourcing comercial\" class=\"uag-image-25990\" width=\"180\" height=\"70\" title=\"\" loading=\"lazy\" role=\"img\"><\/a><\/figure><\/div>\n<\/div>\n<\/div><\/div>\n<\/div><\/div>\n<\/div><\/div>\n\n\n\n<div class=\"inherit-container-width wp-block-group alignfull has-ast-global-color-5-background-color has-background is-layout-constrained wp-block-group-is-layout-constrained\"><div class=\"wp-block-group__inner-container\">\n<hr class=\"wp-block-separator has-text-color has-ast-global-color-1-color has-css-opacity has-ast-global-color-1-background-color has-background aligncenter\"\/>\n\n\n\n<h2 class=\"wp-block-heading has-text-align-center\">\u00daltimas entradas del blog<\/h2>\n\n\n\n<p class=\"has-text-align-center\">Lee a continuaci\u00f3n las \u00faltimas noticias del desarrollo de negocio internacional de empresas espa\u00f1olas en Francia.<\/p>\n\n\n\n\t\t\t<div class=\"wp-block-uagb-post-grid uagb-post-grid  uagb-post__image-position-top uagb-post__image-enabled uagb-block-289889cf     uagb-post__items uagb-post__columns-3 is-grid uagb-post__columns-tablet-2 uagb-post__columns-mobile-1 uagb-post__equal-height\" data-total=\"2\" style=\"\">\n\n\t\t\t\t\t\t\t\t\t\t\t\t<article class=\"uagb-post__inner-wrap\">\t\t\t\t\t\t\t\t<div class='uagb-post__image'>\n\t\t\t\t\t\t\t\t\t<a href=\"https:\/\/dev.fiderenos.com\/es\/comercial-freelance-negocio-francia\/\" target=\"_self\" rel=\"bookmark noopener noreferrer\" class=\"uagb-image-ratio-inherit\"><img decoding=\"async\" width=\"300\" height=\"150\" src=\"https:\/\/dev.fiderenos.com\/wp-content\/uploads\/2024\/07\/Comercial-freelance-300x150.jpg\" class=\"attachment-medium size-medium\" alt=\"Comercial freelance\" srcset=\"https:\/\/dev.fiderenos.com\/wp-content\/uploads\/2024\/07\/Comercial-freelance-300x150.jpg 300w, https:\/\/dev.fiderenos.com\/wp-content\/uploads\/2024\/07\/Comercial-freelance-1024x512.jpg 1024w, https:\/\/dev.fiderenos.com\/wp-content\/uploads\/2024\/07\/Comercial-freelance-768x384.jpg 768w, https:\/\/dev.fiderenos.com\/wp-content\/uploads\/2024\/07\/Comercial-freelance.jpg 1200w\" sizes=\"(max-width: 300px) 100vw, 300px\" title=\"\">\t\t\t\t\t<\/a>\n\t\t\t\t\t\t\t<\/div>\n\t\t\t\t\t\t<h3 class=\"uagb-post__title uagb-post__text\">\n\t\t\t\t<a href=\"https:\/\/dev.fiderenos.com\/es\/comercial-freelance-negocio-francia\/\" target=\"_self\" rel=\"bookmark noopener noreferrer\">\u00bfUn Comercial Freelance para su Estrategia de Desarrollo Internacional?<\/a>\n\t\t\t<\/h3>\n\t\t\t\t\t\t<div class='uagb-post__text uagb-post-grid-byline'>\n\t\t\t\t\t\t\t\t<time datetime=\"2024-07-28T19:34:16+02:00\" class=\"uagb-post__date\">\n\t\t\t\t<span class=\"dashicons-calendar dashicons\"><\/span>\t\t\t\t\t28\/07\/2024\t\t\t\t<\/time>\n\t\t\t\t\t\t<\/div>\n\t\t\t\t\t\t\t<div class='uagb-post__text uagb-post__excerpt'>\n\t\t\t\t\t<p>En un mundo cada vez m\u00e1s globalizado, las empresas buscan expandirse m\u00e1s all\u00e1 de las&#8230;\t\t\t\t<\/div>\n\t\t\t\t\t\t<div class=\"uagb-post__text uagb-post__cta wp-block-button\">\n\t\t\t\t<a class=\"wp-block-button__link uagb-text-link\" style=\"\" href=\"https:\/\/dev.fiderenos.com\/es\/comercial-freelance-negocio-francia\/\" target=\"_self\" rel=\"bookmark noopener noreferrer\">Leer post<\/a>\n\t\t\t<\/div>\n\t\t\t\n\t\t\t\t\t\t\t\t\t<\/article>\n\t\t\t\t\t\t\t\t\t\t\t\t\t\t\t\t<article class=\"uagb-post__inner-wrap\">\t\t\t\t\t\t\t\t<h3 class=\"uagb-post__title uagb-post__text\">\n\t\t\t\t<a href=\"https:\/\/dev.fiderenos.com\/es\/mercado-frances\/\" target=\"_self\" rel=\"bookmark noopener noreferrer\">Descubre el mercado franc\u00e9s de la mano de Fiderenos<\/a>\n\t\t\t<\/h3>\n\t\t\t\t\t\t<div class='uagb-post__text uagb-post-grid-byline'>\n\t\t\t\t\t\t\t\t<time datetime=\"2024-06-28T15:01:52+02:00\" class=\"uagb-post__date\">\n\t\t\t\t<span class=\"dashicons-calendar dashicons\"><\/span>\t\t\t\t\t28\/06\/2024\t\t\t\t<\/time>\n\t\t\t\t\t\t<\/div>\n\t\t\t\t\t\t\t<div class='uagb-post__text uagb-post__excerpt'>\n\t\t\t\t\t<p>La expansi\u00f3n de tu negocio al mercado franc\u00e9s puede ser una de las decisiones m\u00e1s&#8230;\t\t\t\t<\/div>\n\t\t\t\t\t\t<div class=\"uagb-post__text uagb-post__cta wp-block-button\">\n\t\t\t\t<a class=\"wp-block-button__link uagb-text-link\" style=\"\" href=\"https:\/\/dev.fiderenos.com\/es\/mercado-frances\/\" target=\"_self\" rel=\"bookmark noopener noreferrer\">Leer post<\/a>\n\t\t\t<\/div>\n\t\t\t\n\t\t\t\t\t\t\t\t\t<\/article>\n\t\t\t\t\t\t\t\t\t\t\t\t\t\t\t\t<article class=\"uagb-post__inner-wrap\">\t\t\t\t\t\t\t\t<h3 class=\"uagb-post__title uagb-post__text\">\n\t\t\t\t<a href=\"https:\/\/dev.fiderenos.com\/es\/expansion-global-de-empresas\/\" target=\"_self\" rel=\"bookmark noopener noreferrer\">Pioneros en la expansi\u00f3n global de empresas<\/a>\n\t\t\t<\/h3>\n\t\t\t\t\t\t<div class='uagb-post__text uagb-post-grid-byline'>\n\t\t\t\t\t\t\t\t<time datetime=\"2024-04-30T14:54:05+02:00\" class=\"uagb-post__date\">\n\t\t\t\t<span class=\"dashicons-calendar dashicons\"><\/span>\t\t\t\t\t30\/04\/2024\t\t\t\t<\/time>\n\t\t\t\t\t\t<\/div>\n\t\t\t\t\t\t\t<div class='uagb-post__text uagb-post__excerpt'>\n\t\t\t\t\t<p>Fiderenos International SL: Pioneros en la expansi\u00f3n global de empresas En un mundo donde las&#8230;\t\t\t\t<\/div>\n\t\t\t\t\t\t<div class=\"uagb-post__text uagb-post__cta wp-block-button\">\n\t\t\t\t<a class=\"wp-block-button__link uagb-text-link\" style=\"\" href=\"https:\/\/dev.fiderenos.com\/es\/expansion-global-de-empresas\/\" target=\"_self\" rel=\"bookmark noopener noreferrer\">Leer post<\/a>\n\t\t\t<\/div>\n\t\t\t\n\t\t\t\t\t\t\t\t\t<\/article>\n\t\t\t\t\t\t\t\t\t\t\t<\/div>\n\t\t\t<\/div><\/div>\n","protected":false},"excerpt":{"rendered":"<p>Servicios de outsourcing comercial internacional Conf\u00edan en Fiderenos como partner de outsourcing comercial Espa\u00f1a \u00daltimas entradas del blog Lee a continuaci\u00f3n las \u00faltimas noticias del desarrollo de negocio internacional de empresas espa\u00f1olas en Francia.<\/p>\n","protected":false},"author":1,"featured_media":0,"parent":0,"menu_order":0,"comment_status":"closed","ping_status":"closed","template":"","meta":{"_uag_custom_page_level_css":"","site-sidebar-layout":"no-sidebar","site-content-layout":"plain-container","ast-site-content-layout":"normal-width-container","site-content-style":"unboxed","site-sidebar-style":"unboxed","ast-global-header-display":"","ast-banner-title-visibility":"","ast-main-header-display":"","ast-hfb-above-header-display":"","ast-hfb-below-header-display":"","ast-hfb-mobile-header-display":"","site-post-title":"disabled","ast-breadcrumbs-content":"","ast-featured-img":"disabled","footer-sml-layout":"","ast-disable-related-posts":"","theme-transparent-header-meta":"enabled","adv-header-id-meta":"","stick-header-meta":"","header-above-stick-meta":"","header-main-stick-meta":"","header-below-stick-meta":"","astra-migrate-meta-layouts":"set","ast-page-background-enabled":"default","ast-page-background-meta":{"desktop":{"background-color":"","background-image":"","background-repeat":"repeat","background-position":"center center","background-size":"auto","background-attachment":"scroll","background-type":"","background-media":"","overlay-type":"","overlay-color":"","overlay-opacity":"","overlay-gradient":""},"tablet":{"background-color":"","background-image":"","background-repeat":"repeat","background-position":"center center","background-size":"auto","background-attachment":"scroll","background-type":"","background-media":"","overlay-type":"","overlay-color":"","overlay-opacity":"","overlay-gradient":""},"mobile":{"background-color":"","background-image":"","background-repeat":"repeat","background-position":"center center","background-size":"auto","background-attachment":"scroll","background-type":"","background-media":"","overlay-type":"","overlay-color":"","overlay-opacity":"","overlay-gradient":""}},"ast-content-background-meta":{"desktop":{"background-color":"var(--ast-global-color-5)","background-image":"","background-repeat":"repeat","background-position":"center center","background-size":"auto","background-attachment":"scroll","background-type":"","background-media":"","overlay-type":"","overlay-color":"","overlay-opacity":"","overlay-gradient":""},"tablet":{"background-color":"var(--ast-global-color-5)","background-image":"","background-repeat":"repeat","background-position":"center center","background-size":"auto","background-attachment":"scroll","background-type":"","background-media":"","overlay-type":"","overlay-color":"","overlay-opacity":"","overlay-gradient":""},"mobile":{"background-color":"var(--ast-global-color-5)","background-image":"","background-repeat":"repeat","background-position":"center center","background-size":"auto","background-attachment":"scroll","background-type":"","background-media":"","overlay-type":"","overlay-color":"","overlay-opacity":"","overlay-gradient":""}},"footnotes":""},"class_list":["post-26777","page","type-page","status-publish","hentry"],"uagb_featured_image_src":{"full":false,"thumbnail":false,"medium":false,"medium_large":false,"large":false,"1536x1536":false,"2048x2048":false},"uagb_author_info":{"display_name":"Loic","author_link":"https:\/\/dev.fiderenos.com\/es\/author\/webmaster\/"},"uagb_comment_info":0,"uagb_excerpt":"Servicios de outsourcing comercial internacional Conf\u00edan en Fiderenos como partner de outsourcing comercial Espa\u00f1a \u00daltimas entradas del blog Lee a continuaci\u00f3n las \u00faltimas noticias del desarrollo de negocio internacional de empresas espa\u00f1olas en Francia.","_links":{"self":[{"href":"https:\/\/dev.fiderenos.com\/es\/wp-json\/wp\/v2\/pages\/26777","targetHints":{"allow":["GET"]}}],"collection":[{"href":"https:\/\/dev.fiderenos.com\/es\/wp-json\/wp\/v2\/pages"}],"about":[{"href":"https:\/\/dev.fiderenos.com\/es\/wp-json\/wp\/v2\/types\/page"}],"author":[{"embeddable":true,"href":"https:\/\/dev.fiderenos.com\/es\/wp-json\/wp\/v2\/users\/1"}],"replies":[{"embeddable":true,"href":"https:\/\/dev.fiderenos.com\/es\/wp-json\/wp\/v2\/comments?post=26777"}],"version-history":[{"count":1,"href":"https:\/\/dev.fiderenos.com\/es\/wp-json\/wp\/v2\/pages\/26777\/revisions"}],"predecessor-version":[{"id":28114,"href":"https:\/\/dev.fiderenos.com\/es\/wp-json\/wp\/v2\/pages\/26777\/revisions\/28114"}],"wp:attachment":[{"href":"https:\/\/dev.fiderenos.com\/es\/wp-json\/wp\/v2\/media?parent=26777"}],"curies":[{"name":"wp","href":"https:\/\/api.w.org\/{rel}","templated":true}]}}