{"id":26790,"date":"2021-01-29T06:07:03","date_gmt":"2021-01-29T05:07:03","guid":{"rendered":"https:\/\/dev.fiderenos.com\/blog\/"},"modified":"2024-08-01T10:21:35","modified_gmt":"2024-08-01T08:21:35","slug":"blog","status":"publish","type":"page","link":"https:\/\/dev.fiderenos.com\/es\/blog\/","title":{"rendered":"Blog"},"content":{"rendered":"\n<div class=\"wp-block-cover alignfull\" style=\"min-height:600px;aspect-ratio:unset;\"><span aria-hidden=\"true\" class=\"wp-block-cover__background has-ast-global-color-3-background-color has-background-dim-60 has-background-dim\"><\/span><img decoding=\"async\" width=\"1200\" height=\"630\" class=\"wp-block-cover__image-background wp-image-26288\" alt=\"\" src=\"https:\/\/dev.fiderenos.com\/wp-content\/uploads\/2023\/07\/south-europe-business-development-map.jpg\" data-object-fit=\"cover\" title=\"\" srcset=\"https:\/\/dev.fiderenos.com\/wp-content\/uploads\/2023\/07\/south-europe-business-development-map.jpg 1200w, https:\/\/dev.fiderenos.com\/wp-content\/uploads\/2023\/07\/south-europe-business-development-map-300x158.jpg 300w, https:\/\/dev.fiderenos.com\/wp-content\/uploads\/2023\/07\/south-europe-business-development-map-1024x538.jpg 1024w, https:\/\/dev.fiderenos.com\/wp-content\/uploads\/2023\/07\/south-europe-business-development-map-768x403.jpg 768w\" sizes=\"(max-width: 1200px) 100vw, 1200px\" \/><div class=\"wp-block-cover__inner-container is-layout-flow wp-block-cover-is-layout-flow\">\n<div class=\"inherit-container-width wp-block-group is-layout-constrained wp-block-group-is-layout-constrained\"><div class=\"wp-block-group__inner-container\">\n<h1 class=\"wp-block-heading has-text-align-center has-ast-global-color-5-color has-text-color has-link-color has-x-large-font-size wp-elements-698c3b73ecc24cde515069331cd8c1f1\">Blog<\/h1>\n\n\n\n<hr class=\"wp-block-separator has-text-color has-ast-global-color-5-color has-alpha-channel-opacity has-ast-global-color-5-background-color has-background\"\/>\n\n\n\n<p class=\"has-text-align-center has-ast-global-color-5-color has-text-color has-link-color wp-elements-49e7e18db35b058867413a3f90174cd6\">Entradas relacionadas con el desarrollo internacional de empresas espa\u00f1olas<\/p>\n<\/div><\/div>\n<\/div><\/div>\n\n<div class=\"wp-block-uagb-container uagb-block-e6f75a93 alignfull uagb-is-root-container\"><div class=\"uagb-container-inner-blocks-wrap\">\n<div class=\"inherit-container-width wp-block-group has-ffffff-background-color has-background is-layout-constrained wp-block-group-is-layout-constrained\"><div class=\"wp-block-group__inner-container\">\n\t\t\t<div class=\"wp-block-uagb-post-grid uagb-post-grid  uagb-post__image-position-top uagb-post__image-enabled uagb-block-332cd07c     uagb-post__items uagb-post__columns-3 is-grid uagb-post__columns-tablet-2 uagb-post__columns-mobile-1 uagb-post__equal-height\" data-total=\"1\" style=\"\">\n\n\t\t\t\t\t\t\t\t\t\t\t\t<article class=\"uagb-post__inner-wrap\">\t\t\t\t\t\t\t\t<div class='uagb-post__image'>\n\t\t\t\t\t\t\t\t\t<a href=\"https:\/\/dev.fiderenos.com\/es\/comercial-freelance-negocio-francia\/\" target=\"_self\" rel=\"bookmark noopener noreferrer\" class='uagb-image-ratio-inherit'><img decoding=\"async\" width=\"300\" height=\"150\" src=\"https:\/\/dev.fiderenos.com\/wp-content\/uploads\/2024\/07\/Comercial-freelance-300x150.jpg\" class=\"attachment-medium size-medium\" alt=\"Comercial freelance\" srcset=\"https:\/\/dev.fiderenos.com\/wp-content\/uploads\/2024\/07\/Comercial-freelance-300x150.jpg 300w, https:\/\/dev.fiderenos.com\/wp-content\/uploads\/2024\/07\/Comercial-freelance-1024x512.jpg 1024w, https:\/\/dev.fiderenos.com\/wp-content\/uploads\/2024\/07\/Comercial-freelance-768x384.jpg 768w, https:\/\/dev.fiderenos.com\/wp-content\/uploads\/2024\/07\/Comercial-freelance.jpg 1200w\" sizes=\"(max-width: 300px) 100vw, 300px\" title=\"\">\t\t\t\t\t<\/a>\n\t\t\t\t\t\t\t<\/div>\n\t\t\t\t\t\t<h2 class=\"uagb-post__title uagb-post__text\">\n\t\t\t\t<a href=\"https:\/\/dev.fiderenos.com\/es\/comercial-freelance-negocio-francia\/\" target=\"_self\" rel=\"bookmark noopener noreferrer\">\u00bfUn Comercial Freelance para su Estrategia de Desarrollo Internacional?<\/a>\n\t\t\t<\/h2>\n\t\t\t\t\t\t<div class='uagb-post__text uagb-post-grid-byline'>\n\t\t\t\t\t\t\t\t<time datetime=\"2024-07-28T19:34:16+02:00\" class=\"uagb-post__date\">\n\t\t\t\t<span class=\"dashicons-calendar dashicons\"><\/span>\t\t\t\t\t28\/07\/2024\t\t\t\t<\/time>\n\t\t\t\t\t\t<\/div>\n\t\t\t\t\t\t\t<div class='uagb-post__text uagb-post__excerpt'>\n\t\t\t\t\t<p>En un mundo cada vez m\u00e1s globalizado, las empresas buscan expandirse m\u00e1s all\u00e1 de las&#8230;\t\t\t\t<\/div>\n\t\t\t\t\t\t<div class=\"uagb-post__text uagb-post__cta wp-block-button\">\n\t\t\t\t<a class=\"wp-block-button__link uagb-text-link\" style=\"\" href=\"https:\/\/dev.fiderenos.com\/es\/comercial-freelance-negocio-francia\/\" target=\"_self\" rel=\"bookmark noopener noreferrer\">Leer post<\/a>\n\t\t\t<\/div>\n\t\t\t\n\t\t\t\t\t\t\t\t\t<\/article>\n\t\t\t\t\t\t\t\t\t\t\t\t\t\t\t\t<article class=\"uagb-post__inner-wrap\">\t\t\t\t\t\t\t\t<h2 class=\"uagb-post__title uagb-post__text\">\n\t\t\t\t<a href=\"https:\/\/dev.fiderenos.com\/es\/mercado-frances\/\" target=\"_self\" rel=\"bookmark noopener noreferrer\">Descubre el mercado franc\u00e9s de la mano de Fiderenos<\/a>\n\t\t\t<\/h2>\n\t\t\t\t\t\t<div class='uagb-post__text uagb-post-grid-byline'>\n\t\t\t\t\t\t\t\t<time datetime=\"2024-06-28T15:01:52+02:00\" class=\"uagb-post__date\">\n\t\t\t\t<span class=\"dashicons-calendar dashicons\"><\/span>\t\t\t\t\t28\/06\/2024\t\t\t\t<\/time>\n\t\t\t\t\t\t<\/div>\n\t\t\t\t\t\t\t<div class='uagb-post__text uagb-post__excerpt'>\n\t\t\t\t\t<p>La expansi\u00f3n de tu negocio al mercado franc\u00e9s puede ser una de las decisiones m\u00e1s&#8230;\t\t\t\t<\/div>\n\t\t\t\t\t\t<div class=\"uagb-post__text uagb-post__cta wp-block-button\">\n\t\t\t\t<a class=\"wp-block-button__link uagb-text-link\" style=\"\" href=\"https:\/\/dev.fiderenos.com\/es\/mercado-frances\/\" target=\"_self\" rel=\"bookmark noopener noreferrer\">Leer post<\/a>\n\t\t\t<\/div>\n\t\t\t\n\t\t\t\t\t\t\t\t\t<\/article>\n\t\t\t\t\t\t\t\t\t\t\t\t\t\t\t\t<article class=\"uagb-post__inner-wrap\">\t\t\t\t\t\t\t\t<h2 class=\"uagb-post__title uagb-post__text\">\n\t\t\t\t<a href=\"https:\/\/dev.fiderenos.com\/es\/expansion-global-de-empresas\/\" target=\"_self\" rel=\"bookmark noopener noreferrer\">Pioneros en la expansi\u00f3n global de empresas<\/a>\n\t\t\t<\/h2>\n\t\t\t\t\t\t<div class='uagb-post__text uagb-post-grid-byline'>\n\t\t\t\t\t\t\t\t<time datetime=\"2024-04-30T14:54:05+02:00\" class=\"uagb-post__date\">\n\t\t\t\t<span class=\"dashicons-calendar dashicons\"><\/span>\t\t\t\t\t30\/04\/2024\t\t\t\t<\/time>\n\t\t\t\t\t\t<\/div>\n\t\t\t\t\t\t\t<div class='uagb-post__text uagb-post__excerpt'>\n\t\t\t\t\t<p>Fiderenos International SL: Pioneros en la expansi\u00f3n global de empresas En un mundo donde las&#8230;\t\t\t\t<\/div>\n\t\t\t\t\t\t<div class=\"uagb-post__text uagb-post__cta wp-block-button\">\n\t\t\t\t<a class=\"wp-block-button__link uagb-text-link\" style=\"\" href=\"https:\/\/dev.fiderenos.com\/es\/expansion-global-de-empresas\/\" target=\"_self\" rel=\"bookmark noopener noreferrer\">Leer post<\/a>\n\t\t\t<\/div>\n\t\t\t\n\t\t\t\t\t\t\t\t\t<\/article>\n\t\t\t\t\t\t\t\t\t\t\t\t\t\t\t\t<article class=\"uagb-post__inner-wrap\">\t\t\t\t\t\t\t\t<h2 class=\"uagb-post__title uagb-post__text\">\n\t\t\t\t<a href=\"https:\/\/dev.fiderenos.com\/es\/nueva-ola-inversion-francesa-espana\/\" target=\"_self\" rel=\"bookmark noopener noreferrer\">La nueva ola de inversi\u00f3n francesa en Espa\u00f1a<\/a>\n\t\t\t<\/h2>\n\t\t\t\t\t\t<div class='uagb-post__text uagb-post-grid-byline'>\n\t\t\t\t\t\t\t\t<time datetime=\"2024-04-03T11:27:40+02:00\" class=\"uagb-post__date\">\n\t\t\t\t<span class=\"dashicons-calendar dashicons\"><\/span>\t\t\t\t\t03\/04\/2024\t\t\t\t<\/time>\n\t\t\t\t\t\t<\/div>\n\t\t\t\t\t\t\t<div class='uagb-post__text uagb-post__excerpt'>\n\t\t\t\t\tDescubre c\u00f3mo la inversi\u00f3n francesa impulsa el sector empresarial espa\u00f1ol y las oportunidades para empresas&#8230;\t\t\t\t<\/div>\n\t\t\t\t\t\t<div class=\"uagb-post__text uagb-post__cta wp-block-button\">\n\t\t\t\t<a class=\"wp-block-button__link uagb-text-link\" style=\"\" href=\"https:\/\/dev.fiderenos.com\/es\/nueva-ola-inversion-francesa-espana\/\" target=\"_self\" rel=\"bookmark noopener noreferrer\">Leer post<\/a>\n\t\t\t<\/div>\n\t\t\t\n\t\t\t\t\t\t\t\t\t<\/article>\n\t\t\t\t\t\t\t\t\t\t\t\t\t\t\t\t<article class=\"uagb-post__inner-wrap\">\t\t\t\t\t\t\t\t<h2 class=\"uagb-post__title uagb-post__text\">\n\t\t\t\t<a href=\"https:\/\/dev.fiderenos.com\/es\/agente-comercial-en-francia\/\" target=\"_self\" rel=\"bookmark noopener noreferrer\">Agente comercial en Francia<\/a>\n\t\t\t<\/h2>\n\t\t\t\t\t\t<div class='uagb-post__text uagb-post-grid-byline'>\n\t\t\t\t\t\t\t\t<time datetime=\"2024-01-29T12:19:39+01:00\" class=\"uagb-post__date\">\n\t\t\t\t<span class=\"dashicons-calendar dashicons\"><\/span>\t\t\t\t\t29\/01\/2024\t\t\t\t<\/time>\n\t\t\t\t\t\t<\/div>\n\t\t\t\t\t\t\t<div class='uagb-post__text uagb-post__excerpt'>\n\t\t\t\t\t<p>En el mundo del comercio internacional, un agente comercial en Francia cumple un papel clave&#8230;\t\t\t\t<\/div>\n\t\t\t\t\t\t<div class=\"uagb-post__text uagb-post__cta wp-block-button\">\n\t\t\t\t<a class=\"wp-block-button__link uagb-text-link\" style=\"\" href=\"https:\/\/dev.fiderenos.com\/es\/agente-comercial-en-francia\/\" target=\"_self\" rel=\"bookmark noopener noreferrer\">Leer post<\/a>\n\t\t\t<\/div>\n\t\t\t\n\t\t\t\t\t\t\t\t\t<\/article>\n\t\t\t\t\t\t\t\t\t\t\t<\/div>\n\t\t\t<\/div><\/div>\n<\/div><\/div>\n","protected":false},"excerpt":{"rendered":"","protected":false},"author":1,"featured_media":0,"parent":0,"menu_order":2,"comment_status":"closed","ping_status":"closed","template":"","meta":{"_uag_custom_page_level_css":"","site-sidebar-layout":"no-sidebar","site-content-layout":"plain-container","ast-site-content-layout":"normal-width-container","site-content-style":"unboxed","site-sidebar-style":"unboxed","ast-global-header-display":"","ast-banner-title-visibility":"","ast-main-header-display":"","ast-hfb-above-header-display":"","ast-hfb-below-header-display":"","ast-hfb-mobile-header-display":"","site-post-title":"disabled","ast-breadcrumbs-content":"","ast-featured-img":"disabled","footer-sml-layout":"","ast-disable-related-posts":"","theme-transparent-header-meta":"enabled","adv-header-id-meta":"","stick-header-meta":"","header-above-stick-meta":"","header-main-stick-meta":"","header-below-stick-meta":"","astra-migrate-meta-layouts":"set","ast-page-background-enabled":"default","ast-page-background-meta":{"desktop":{"background-color":"","background-image":"","background-repeat":"repeat","background-position":"center center","background-size":"auto","background-attachment":"scroll","background-type":"","background-media":"","overlay-type":"","overlay-color":"","overlay-opacity":"","overlay-gradient":""},"tablet":{"background-color":"","background-image":"","background-repeat":"repeat","background-position":"center center","background-size":"auto","background-attachment":"scroll","background-type":"","background-media":"","overlay-type":"","overlay-color":"","overlay-opacity":"","overlay-gradient":""},"mobile":{"background-color":"","background-image":"","background-repeat":"repeat","background-position":"center center","background-size":"auto","background-attachment":"scroll","background-type":"","background-media":"","overlay-type":"","overlay-color":"","overlay-opacity":"","overlay-gradient":""}},"ast-content-background-meta":{"desktop":{"background-color":"var(--ast-global-color-5)","background-image":"","background-repeat":"repeat","background-position":"center center","background-size":"auto","background-attachment":"scroll","background-type":"","background-media":"","overlay-type":"","overlay-color":"","overlay-opacity":"","overlay-gradient":""},"tablet":{"background-color":"var(--ast-global-color-5)","background-image":"","background-repeat":"repeat","background-position":"center center","background-size":"auto","background-attachment":"scroll","background-type":"","background-media":"","overlay-type":"","overlay-color":"","overlay-opacity":"","overlay-gradient":""},"mobile":{"background-color":"var(--ast-global-color-5)","background-image":"","background-repeat":"repeat","background-position":"center center","background-size":"auto","background-attachment":"scroll","background-type":"","background-media":"","overlay-type":"","overlay-color":"","overlay-opacity":"","overlay-gradient":""}},"footnotes":""},"class_list":["post-26790","page","type-page","status-publish","hentry"],"uagb_featured_image_src":{"full":false,"thumbnail":false,"medium":false,"medium_large":false,"large":false,"1536x1536":false,"2048x2048":false},"uagb_author_info":{"display_name":"Loic","author_link":"https:\/\/dev.fiderenos.com\/es\/author\/webmaster\/"},"uagb_comment_info":0,"uagb_excerpt":null,"_links":{"self":[{"href":"https:\/\/dev.fiderenos.com\/es\/wp-json\/wp\/v2\/pages\/26790","targetHints":{"allow":["GET"]}}],"collection":[{"href":"https:\/\/dev.fiderenos.com\/es\/wp-json\/wp\/v2\/pages"}],"about":[{"href":"https:\/\/dev.fiderenos.com\/es\/wp-json\/wp\/v2\/types\/page"}],"author":[{"embeddable":true,"href":"https:\/\/dev.fiderenos.com\/es\/wp-json\/wp\/v2\/users\/1"}],"replies":[{"embeddable":true,"href":"https:\/\/dev.fiderenos.com\/es\/wp-json\/wp\/v2\/comments?post=26790"}],"version-history":[{"count":0,"href":"https:\/\/dev.fiderenos.com\/es\/wp-json\/wp\/v2\/pages\/26790\/revisions"}],"wp:attachment":[{"href":"https:\/\/dev.fiderenos.com\/es\/wp-json\/wp\/v2\/media?parent=26790"}],"curies":[{"name":"wp","href":"https:\/\/api.w.org\/{rel}","templated":true}]}}