{"id":26813,"date":"2021-01-29T06:07:03","date_gmt":"2021-01-29T05:07:03","guid":{"rendered":"https:\/\/dev.fiderenos.com\/acerca-de\/"},"modified":"2024-10-02T16:54:46","modified_gmt":"2024-10-02T14:54:46","slug":"sobre-nosotros","status":"publish","type":"page","link":"https:\/\/dev.fiderenos.com\/es\/sobre-nosotros\/","title":{"rendered":"Sobre Nosotros"},"content":{"rendered":"\n<div class=\"wp-block-cover alignfull\" style=\"min-height:600px;aspect-ratio:unset;\"><span aria-hidden=\"true\" class=\"wp-block-cover__background has-ast-global-color-3-background-color has-background-dim-60 has-background-dim\"><\/span><img decoding=\"async\" width=\"1200\" height=\"630\" class=\"wp-block-cover__image-background wp-image-26288\" alt=\"\" src=\"https:\/\/dev.fiderenos.com\/wp-content\/uploads\/2023\/07\/south-europe-business-development-map.jpg\" data-object-fit=\"cover\" title=\"\" srcset=\"https:\/\/dev.fiderenos.com\/wp-content\/uploads\/2023\/07\/south-europe-business-development-map.jpg 1200w, https:\/\/dev.fiderenos.com\/wp-content\/uploads\/2023\/07\/south-europe-business-development-map-300x158.jpg 300w, https:\/\/dev.fiderenos.com\/wp-content\/uploads\/2023\/07\/south-europe-business-development-map-1024x538.jpg 1024w, https:\/\/dev.fiderenos.com\/wp-content\/uploads\/2023\/07\/south-europe-business-development-map-768x403.jpg 768w\" sizes=\"(max-width: 1200px) 100vw, 1200px\" \/><div class=\"wp-block-cover__inner-container is-layout-flow wp-block-cover-is-layout-flow\">\n<div class=\"inherit-container-width wp-block-group is-layout-constrained wp-block-group-is-layout-constrained\"><div class=\"wp-block-group__inner-container\">\n<h1 class=\"wp-block-heading has-text-align-center has-ast-global-color-5-color has-text-color has-link-color has-x-large-font-size wp-elements-93ba60a54bbb5038d41127b92b8d8bc0\">Sobre Nosotros<\/h1>\n\n\n\n<hr class=\"wp-block-separator has-text-color has-ast-global-color-5-color has-alpha-channel-opacity has-ast-global-color-5-background-color has-background\"\/>\n\n\n\n<p class=\"has-text-align-center has-ast-global-color-5-color has-text-color has-link-color wp-elements-527194e93850ba2f9524ad124a0ab34e\">Conoce Fiderenos<\/p>\n<\/div><\/div>\n<\/div><\/div>\n\n\n\n<div class=\"wp-block-group alignfull has-ast-global-color-5-background-color has-background is-layout-constrained wp-block-group-is-layout-constrained\"><div class=\"wp-block-group__inner-container\">\n<hr class=\"wp-block-separator has-text-color has-ast-global-color-1-color has-alpha-channel-opacity has-ast-global-color-1-background-color has-background\"\/>\n\n\n\n<h2 class=\"wp-block-heading has-text-align-center\">Datos principales sobre nosotros <\/h2>\n\n\n\n<p>Fiderenos International SL es una agencia dedicada al <strong>desarrollo<\/strong> internacional de empresas.<\/p>\n\n\n\n<p>Operando desde Espa\u00f1a, fue creada por Loic Pavard, qui\u00e9n acumula 15 a\u00f1os de desarrollo de relaciones comerciales B2B, incluyendo 10 en contextos internacionales. La agencia se enfoca en la <strong>definici\u00f3n<\/strong>, <strong>implementaci\u00f3n<\/strong> y <strong>ejecuci\u00f3n<\/strong> de <strong>estrategias de desarrollo de negocio<\/strong> entre <strong>Europa y la Pen\u00ednsula Ib\u00e9rica.<\/strong> <\/p>\n\n\n\n<p>Nuestros servicios est\u00e1n dirigidos principalmente a start-ups, peque\u00f1as y medianas empresas y nuestros sectores de negocio privilegiados giran en torno a:<\/p>\n\n\n\n<div class=\"wp-block-uagb-icon-list uagb-block-6033480c\"><div class=\"uagb-icon-list__wrap\">\n<div class=\"wp-block-uagb-icon-list-child uagb-block-334cf47f\"><span class=\"uagb-icon-list__source-wrap\"><svg xmlns=\"https:\/\/www.w3.org\/2000\/svg\" viewBox=\"0 0 448 512\"><path d=\"M438.6 105.4C451.1 117.9 451.1 138.1 438.6 150.6L182.6 406.6C170.1 419.1 149.9 419.1 137.4 406.6L9.372 278.6C-3.124 266.1-3.124 245.9 9.372 233.4C21.87 220.9 42.13 220.9 54.63 233.4L159.1 338.7L393.4 105.4C405.9 92.88 426.1 92.88 438.6 105.4H438.6z\"><\/path><\/svg><\/span><span class=\"uagb-icon-list__label\"><strong>T\u00e9l\u00e9communications<\/strong>: op\u00e9rateurs, fabricants d&#8217;\u00e9quipements et solutions IT<\/span><\/div>\n\n\n\n<div class=\"wp-block-uagb-icon-list-child uagb-block-dbd21113\"><span class=\"uagb-icon-list__source-wrap\"><svg xmlns=\"https:\/\/www.w3.org\/2000\/svg\" viewBox=\"0 0 448 512\"><path d=\"M438.6 105.4C451.1 117.9 451.1 138.1 438.6 150.6L182.6 406.6C170.1 419.1 149.9 419.1 137.4 406.6L9.372 278.6C-3.124 266.1-3.124 245.9 9.372 233.4C21.87 220.9 42.13 220.9 54.63 233.4L159.1 338.7L393.4 105.4C405.9 92.88 426.1 92.88 438.6 105.4H438.6z\"><\/path><\/svg><\/span><span class=\"uagb-icon-list__label\"><strong>Electronique<\/strong>: bureaux d&#8217;\u00e9tude, fabricants de dispositifs autonomes connect\u00e9s, drones <\/span><\/div>\n\n\n\n<div class=\"wp-block-uagb-icon-list-child uagb-block-ed2c04d3\"><span class=\"uagb-icon-list__source-wrap\"><svg xmlns=\"https:\/\/www.w3.org\/2000\/svg\" viewBox=\"0 0 448 512\"><path d=\"M438.6 105.4C451.1 117.9 451.1 138.1 438.6 150.6L182.6 406.6C170.1 419.1 149.9 419.1 137.4 406.6L9.372 278.6C-3.124 266.1-3.124 245.9 9.372 233.4C21.87 220.9 42.13 220.9 54.63 233.4L159.1 338.7L393.4 105.4C405.9 92.88 426.1 92.88 438.6 105.4H438.6z\"><\/path><\/svg><\/span><span class=\"uagb-icon-list__label\"><strong>Agriculture<\/strong>: Agriculture de pr\u00e9cision, recherche et essais agronomiques<\/span><\/div>\n\n\n\n<div class=\"wp-block-uagb-icon-list-child uagb-block-4c58e11e\"><span class=\"uagb-icon-list__source-wrap\"><svg xmlns=\"https:\/\/www.w3.org\/2000\/svg\" viewBox=\"0 0 448 512\"><path d=\"M438.6 105.4C451.1 117.9 451.1 138.1 438.6 150.6L182.6 406.6C170.1 419.1 149.9 419.1 137.4 406.6L9.372 278.6C-3.124 266.1-3.124 245.9 9.372 233.4C21.87 220.9 42.13 220.9 54.63 233.4L159.1 338.7L393.4 105.4C405.9 92.88 426.1 92.88 438.6 105.4H438.6z\"><\/path><\/svg><\/span><span class=\"uagb-icon-list__label\"><strong>Software<\/strong>: capture et transformation d&#8217;images a\u00e9riennes, mod\u00e9lisation 3D<\/span><\/div>\n<\/div><\/div>\n\n\n\n<hr class=\"wp-block-separator has-text-color has-ast-global-color-1-color has-alpha-channel-opacity has-ast-global-color-1-background-color has-background\"\/>\n\n\n\n<h2 class=\"wp-block-heading has-text-align-center\">Un ejemplo de conferencia internacional <\/h2>\n\n\n\n<div class=\"inherit-container-width wp-block-group wp-block-embed__wrapper is-content-justification-center is-layout-constrained wp-container-core-group-is-layout-1b9f9d25 wp-block-group-is-layout-constrained\"><div class=\"wp-block-group__inner-container\">\n<div class=\"youtube_codegena\" id=\"nvBDWzwvneE\" data-params=\"?&#038;theme=dark&#038;autoplay=1&#038;autohide=2&#038;start=3099&#038;end=4486\" src=\"https:\/\/dev.fiderenos.com\/wp-content\/uploads\/2023\/05\/Wintersteiger-Seedmech-Visual-Intelligence-conference-Field-Trials.png\" alt=\"Conferencia internacional\" style=\"display: block; margin: auto; width:1000px; height:588px;\"><\/div>\n<script src=\"https:\/\/rawgit.com\/shaneapen\/Async-Youtube-Player\/master\/async_youtube_player.js\"><\/script>\n<\/div><\/div>\n\n\n\n<div class=\"inherit-container-width wp-block-group alignfull has-ast-global-color-5-background-color has-background is-layout-constrained wp-block-group-is-layout-constrained\"><div class=\"wp-block-group__inner-container\">\n<hr class=\"wp-block-separator has-text-color has-ast-global-color-1-color has-alpha-channel-opacity has-ast-global-color-1-background-color has-background\"\/>\n\n\n\n<h2 class=\"wp-block-heading has-text-align-center\">Nuestros clientes<\/h2>\n\n\n\n<div style=\"height:20px\" aria-hidden=\"true\" class=\"wp-block-spacer\"><\/div>\n\n\n\n<div class=\"wp-block-uagb-container uagb-block-1070f91a alignfull uagb-is-root-container\"><div class=\"uagb-container-inner-blocks-wrap\">\n<div class=\"wp-block-uagb-container uagb-block-02699db0\">\n<div class=\"wp-block-uagb-image aligncenter uagb-block-3cde8527 wp-block-uagb-image--layout-default wp-block-uagb-image--effect-static wp-block-uagb-image--align-center\"><figure class=\"wp-block-uagb-image__figure\"><a class=\"\" href=\"https:\/\/alteia.com\/\" target=\"\" rel=\"noopener\"><img decoding=\"async\" srcset=\"https:\/\/dev.fiderenos.com\/wp-content\/uploads\/2023\/06\/Alteia-logo-customer-ref-1.png , https:\/\/dev.fiderenos.com\/wp-content\/uploads\/2023\/06\/Alteia-logo-customer-ref-1.png 360w\" sizes=\"auto, (max-width: 480px) 150px\" src=\"https:\/\/dev.fiderenos.com\/wp-content\/uploads\/2023\/06\/Alteia-logo-customer-ref-1.png\" alt=\"Logo Alteia - Sobre Nosotros\" class=\"uag-image-25991\" width=\"170\" height=\"70\" title=\"\" loading=\"lazy\" role=\"img\"><\/a><\/figure><\/div>\n<\/div>\n\n\n\n<div class=\"wp-block-uagb-container uagb-block-814990aa\">\n<div class=\"wp-block-uagb-image aligncenter uagb-block-f82dba35 wp-block-uagb-image--layout-default wp-block-uagb-image--effect-static wp-block-uagb-image--align-center\"><figure class=\"wp-block-uagb-image__figure\"><a class=\"\" href=\"https:\/\/www.wintersteiger.com\/fr\/Recherche-et-culture-de-plantes\" target=\"\" rel=\"noopener\"><img decoding=\"async\" srcset=\"https:\/\/dev.fiderenos.com\/wp-content\/uploads\/2023\/06\/Wintersteiger-logo-customer-ref-2-e1688483896570.png \" sizes=\"auto, (max-width: 480px) 150px\" src=\"https:\/\/dev.fiderenos.com\/wp-content\/uploads\/2023\/06\/Wintersteiger-logo-customer-ref-2-e1688483896570.png\" alt=\"Logo Wintersteiger - Desarrollo de Negocio Internacional\" class=\"uag-image-25992\" width=\"265\" height=\"70\" title=\"\" loading=\"lazy\" role=\"img\"><\/a><\/figure><\/div>\n<\/div>\n\n\n\n<div class=\"wp-block-uagb-container uagb-block-d94efb1e\">\n<div class=\"wp-block-uagb-image aligncenter uagb-block-6cf0f13f wp-block-uagb-image--layout-default wp-block-uagb-image--effect-static wp-block-uagb-image--align-center\"><figure class=\"wp-block-uagb-image__figure\"><a class=\"\" href=\"https:\/\/www.4modtechnology.com\/\" target=\"\" rel=\"noopener\"><img decoding=\"async\" srcset=\"https:\/\/dev.fiderenos.com\/wp-content\/uploads\/2023\/06\/4MOD-logo-customer-ref-3.png \" sizes=\"auto, (max-width: 480px) 150px\" src=\"https:\/\/dev.fiderenos.com\/wp-content\/uploads\/2023\/06\/4MOD-logo-customer-ref-3.png\" alt=\"Logo 4MOD - Desarrollo de Negocio Internacional\" class=\"uag-image-25990\" width=\"180\" height=\"70\" title=\"\" loading=\"lazy\" role=\"img\"><\/a><\/figure><\/div>\n<\/div>\n<\/div><\/div>\n<\/div><\/div>\n\n\n\n<div style=\"height:80px\" aria-hidden=\"true\" class=\"wp-block-spacer\"><\/div>\n\n\n\n<div class=\"wp-block-cover\" style=\"min-height:275px;aspect-ratio:unset;\"><span aria-hidden=\"true\" class=\"wp-block-cover__background has-ast-global-color-0-background-color has-background-dim-100 has-background-dim\"><\/span><div class=\"wp-block-cover__inner-container is-layout-flow wp-block-cover-is-layout-flow\">\n<h3 class=\"wp-block-heading has-text-align-center has-ast-global-color-5-color has-text-color\">\u00bfTe planteas un desarrollo de negocio internacional a Francia?<\/h3>\n\n\n\n<p class=\"has-text-align-center has-ast-global-color-5-color has-text-color\">\u00a1Coment\u00e9moslo!<\/p>\n\n\n\n<div class=\"wp-block-uagb-buttons uagb-buttons__outer-wrap uagb-btn__default-btn uagb-btn-tablet__default-btn uagb-btn-mobile__default-btn uagb-block-3d99cb4e\"><div class=\"uagb-buttons__wrap uagb-buttons-layout-wrap \">\n<div class=\"wp-block-uagb-buttons-child uagb-buttons__outer-wrap uagb-block-7640e13f wp-block-button\"><div class=\"uagb-button__wrapper\"><a class=\"uagb-buttons-repeater wp-block-button__link\" aria-label=\"\" href=\"https:\/\/dev.fiderenos.com\/contact\/#contact-form-fiderenos\" rel=\"follow noopener\" target=\"_self\" role=\"button\"><div class=\"uagb-button__link\">Nous Contacter<\/div><\/a><\/div><\/div>\n<\/div><\/div>\n<\/div><\/div>\n<\/div><\/div>\n","protected":false},"excerpt":{"rendered":"<p>Datos principales sobre nosotros Fiderenos International SL es una agencia dedicada al desarrollo internacional de empresas. Operando desde Espa\u00f1a, fue creada por Loic Pavard, qui\u00e9n acumula 15 a\u00f1os de desarrollo de relaciones comerciales B2B, incluyendo 10 en contextos internacionales. La agencia se enfoca en la definici\u00f3n, implementaci\u00f3n y ejecuci\u00f3n de estrategias de desarrollo de negocio [&hellip;]<\/p>\n","protected":false},"author":1,"featured_media":0,"parent":0,"menu_order":1,"comment_status":"closed","ping_status":"closed","template":"","meta":{"_uag_custom_page_level_css":"","site-sidebar-layout":"no-sidebar","site-content-layout":"plain-container","ast-site-content-layout":"normal-width-container","site-content-style":"unboxed","site-sidebar-style":"unboxed","ast-global-header-display":"","ast-banner-title-visibility":"","ast-main-header-display":"","ast-hfb-above-header-display":"","ast-hfb-below-header-display":"","ast-hfb-mobile-header-display":"","site-post-title":"disabled","ast-breadcrumbs-content":"","ast-featured-img":"","footer-sml-layout":"","ast-disable-related-posts":"","theme-transparent-header-meta":"enabled","adv-header-id-meta":"","stick-header-meta":"","header-above-stick-meta":"","header-main-stick-meta":"","header-below-stick-meta":"","astra-migrate-meta-layouts":"set","ast-page-background-enabled":"default","ast-page-background-meta":{"desktop":{"background-color":"","background-image":"","background-repeat":"repeat","background-position":"center center","background-size":"auto","background-attachment":"scroll","background-type":"","background-media":"","overlay-type":"","overlay-color":"","overlay-opacity":"","overlay-gradient":""},"tablet":{"background-color":"","background-image":"","background-repeat":"repeat","background-position":"center center","background-size":"auto","background-attachment":"scroll","background-type":"","background-media":"","overlay-type":"","overlay-color":"","overlay-opacity":"","overlay-gradient":""},"mobile":{"background-color":"","background-image":"","background-repeat":"repeat","background-position":"center center","background-size":"auto","background-attachment":"scroll","background-type":"","background-media":"","overlay-type":"","overlay-color":"","overlay-opacity":"","overlay-gradient":""}},"ast-content-background-meta":{"desktop":{"background-color":"var(--ast-global-color-5)","background-image":"","background-repeat":"repeat","background-position":"center center","background-size":"auto","background-attachment":"scroll","background-type":"","background-media":"","overlay-type":"","overlay-color":"","overlay-opacity":"","overlay-gradient":""},"tablet":{"background-color":"var(--ast-global-color-5)","background-image":"","background-repeat":"repeat","background-position":"center center","background-size":"auto","background-attachment":"scroll","background-type":"","background-media":"","overlay-type":"","overlay-color":"","overlay-opacity":"","overlay-gradient":""},"mobile":{"background-color":"var(--ast-global-color-5)","background-image":"","background-repeat":"repeat","background-position":"center center","background-size":"auto","background-attachment":"scroll","background-type":"","background-media":"","overlay-type":"","overlay-color":"","overlay-opacity":"","overlay-gradient":""}},"footnotes":""},"class_list":["post-26813","page","type-page","status-publish","hentry"],"uagb_featured_image_src":{"full":false,"thumbnail":false,"medium":false,"medium_large":false,"large":false,"1536x1536":false,"2048x2048":false},"uagb_author_info":{"display_name":"Loic","author_link":"https:\/\/dev.fiderenos.com\/es\/author\/webmaster\/"},"uagb_comment_info":0,"uagb_excerpt":"Datos principales sobre nosotros Fiderenos International SL es una agencia dedicada al desarrollo internacional de empresas. Operando desde Espa\u00f1a, fue creada por Loic Pavard, qui\u00e9n acumula 15 a\u00f1os de desarrollo de relaciones comerciales B2B, incluyendo 10 en contextos internacionales. La agencia se enfoca en la definici\u00f3n, implementaci\u00f3n y ejecuci\u00f3n de estrategias de desarrollo de negocio&hellip;","_links":{"self":[{"href":"https:\/\/dev.fiderenos.com\/es\/wp-json\/wp\/v2\/pages\/26813","targetHints":{"allow":["GET"]}}],"collection":[{"href":"https:\/\/dev.fiderenos.com\/es\/wp-json\/wp\/v2\/pages"}],"about":[{"href":"https:\/\/dev.fiderenos.com\/es\/wp-json\/wp\/v2\/types\/page"}],"author":[{"embeddable":true,"href":"https:\/\/dev.fiderenos.com\/es\/wp-json\/wp\/v2\/users\/1"}],"replies":[{"embeddable":true,"href":"https:\/\/dev.fiderenos.com\/es\/wp-json\/wp\/v2\/comments?post=26813"}],"version-history":[{"count":1,"href":"https:\/\/dev.fiderenos.com\/es\/wp-json\/wp\/v2\/pages\/26813\/revisions"}],"predecessor-version":[{"id":28158,"href":"https:\/\/dev.fiderenos.com\/es\/wp-json\/wp\/v2\/pages\/26813\/revisions\/28158"}],"wp:attachment":[{"href":"https:\/\/dev.fiderenos.com\/es\/wp-json\/wp\/v2\/media?parent=26813"}],"curies":[{"name":"wp","href":"https:\/\/api.w.org\/{rel}","templated":true}]}}