{"id":26817,"date":"2023-05-28T13:07:05","date_gmt":"2023-05-28T11:07:05","guid":{"rendered":"https:\/\/dev.fiderenos.com\/servicios\/"},"modified":"2024-07-31T20:19:39","modified_gmt":"2024-07-31T18:19:39","slug":"servicios","status":"publish","type":"page","link":"https:\/\/dev.fiderenos.com\/es\/servicios\/","title":{"rendered":"Servicios"},"content":{"rendered":"\n<div class=\"wp-block-cover alignfull\" style=\"min-height:600px;aspect-ratio:unset;\"><span aria-hidden=\"true\" class=\"wp-block-cover__background has-ast-global-color-3-background-color has-background-dim-60 has-background-dim\"><\/span><img decoding=\"async\" width=\"1200\" height=\"630\" class=\"wp-block-cover__image-background wp-image-26288\" alt=\"\" src=\"https:\/\/dev.fiderenos.com\/wp-content\/uploads\/2023\/07\/south-europe-business-development-map.jpg\" data-object-fit=\"cover\" title=\"\" srcset=\"https:\/\/dev.fiderenos.com\/wp-content\/uploads\/2023\/07\/south-europe-business-development-map.jpg 1200w, https:\/\/dev.fiderenos.com\/wp-content\/uploads\/2023\/07\/south-europe-business-development-map-300x158.jpg 300w, https:\/\/dev.fiderenos.com\/wp-content\/uploads\/2023\/07\/south-europe-business-development-map-1024x538.jpg 1024w, https:\/\/dev.fiderenos.com\/wp-content\/uploads\/2023\/07\/south-europe-business-development-map-768x403.jpg 768w\" sizes=\"(max-width: 1200px) 100vw, 1200px\" \/><div class=\"wp-block-cover__inner-container is-layout-flow wp-block-cover-is-layout-flow\">\n<div class=\"inherit-container-width wp-block-group is-layout-constrained wp-block-group-is-layout-constrained\"><div class=\"wp-block-group__inner-container\">\n<h1 class=\"wp-block-heading has-text-align-center has-ast-global-color-5-color has-text-color has-x-large-font-size\">Servicios<\/h1>\n\n\n\n<hr class=\"wp-block-separator has-text-color has-ast-global-color-5-color has-alpha-channel-opacity has-ast-global-color-5-background-color has-background\"\/>\n\n\n\n<p class=\"has-text-align-center has-ast-global-color-5-color has-text-color\">Lo que hacemos por tu empresa <\/p>\n<\/div><\/div>\n<\/div><\/div>\n\n<div class=\"wp-block-uagb-container uagb-block-41499ed0 alignfull uagb-is-root-container\"><div class=\"uagb-container-inner-blocks-wrap\">\n<div class=\"wp-block-uagb-container uagb-block-20f5d842\">\n<div id=\"market-discovery\" class=\"wp-block-uagb-container uagb-block-7089191a\">\n<div class=\"wp-block-uagb-container uagb-block-e7f6df10\">\n<div class=\"wp-block-uagb-image aligncenter uagb-block-4a5031db wp-block-uagb-image--layout-default wp-block-uagb-image--effect-static wp-block-uagb-image--align-center\"><figure class=\"wp-block-uagb-image__figure\"><img decoding=\"async\" srcset=\"https:\/\/dev.fiderenos.com\/wp-content\/uploads\/2023\/07\/market-study-holistic-analysis-iberia-300x300.jpg , https:\/\/dev.fiderenos.com\/wp-content\/uploads\/2023\/07\/market-study-holistic-analysis-iberia.jpg 360w\" sizes=\"auto, (max-width: 480px) 150px\" src=\"https:\/\/dev.fiderenos.com\/wp-content\/uploads\/2023\/07\/market-study-holistic-analysis-iberia-300x300.jpg\" alt=\"An\u00e1lisis de mercado\" class=\"uag-image-26346\" width=\"300\" height=\"300\" title=\"\" loading=\"lazy\" role=\"img\"><\/figure><\/div>\n<\/div>\n\n\n\n<div class=\"wp-block-uagb-container uagb-block-b640c8af\">\n<div class=\"wp-block-uagb-advanced-heading uagb-block-1c0c35ed\"><h2 class=\"uagb-heading-text\">An\u00e1lisis de mercado<\/h2><p class=\"uagb-desc-text\"><em>Descubrir el contexto y potencial del mercado franc\u00e8s antes de iniciar una fase de prospecci\u00f3n<\/em><\/p><\/div>\n\n\n\n<div class=\"wp-block-uagb-icon-list uagb-block-950a5826\"><div class=\"uagb-icon-list__wrap\">\n<div class=\"wp-block-uagb-icon-list-child uagb-block-92a578aa\"><span class=\"uagb-icon-list__source-wrap\"><svg xmlns=\"https:\/\/www.w3.org\/2000\/svg\" viewbox=\"0 0 448 512\"><path d=\"M438.6 105.4C451.1 117.9 451.1 138.1 438.6 150.6L182.6 406.6C170.1 419.1 149.9 419.1 137.4 406.6L9.372 278.6C-3.124 266.1-3.124 245.9 9.372 233.4C21.87 220.9 42.13 220.9 54.63 233.4L159.1 338.7L393.4 105.4C405.9 92.88 426.1 92.88 438.6 105.4H438.6z\"><\/path><\/svg><\/span><span class=\"uagb-icon-list__label\">An\u00e1lisis cuantitativo de \u00f3rdenes de magnitud del mercado<\/span><\/div>\n\n\n\n<div class=\"wp-block-uagb-icon-list-child uagb-block-273efd91\"><span class=\"uagb-icon-list__source-wrap\"><svg xmlns=\"https:\/\/www.w3.org\/2000\/svg\" viewbox=\"0 0 448 512\"><path d=\"M438.6 105.4C451.1 117.9 451.1 138.1 438.6 150.6L182.6 406.6C170.1 419.1 149.9 419.1 137.4 406.6L9.372 278.6C-3.124 266.1-3.124 245.9 9.372 233.4C21.87 220.9 42.13 220.9 54.63 233.4L159.1 338.7L393.4 105.4C405.9 92.88 426.1 92.88 438.6 105.4H438.6z\"><\/path><\/svg><\/span><span class=\"uagb-icon-list__label\">Identificaci\u00f3n de las fuerzas existentes implicadas<\/span><\/div>\n\n\n\n<div class=\"wp-block-uagb-icon-list-child uagb-block-da7594aa\"><span class=\"uagb-icon-list__source-wrap\"><svg xmlns=\"https:\/\/www.w3.org\/2000\/svg\" viewbox=\"0 0 448 512\"><path d=\"M438.6 105.4C451.1 117.9 451.1 138.1 438.6 150.6L182.6 406.6C170.1 419.1 149.9 419.1 137.4 406.6L9.372 278.6C-3.124 266.1-3.124 245.9 9.372 233.4C21.87 220.9 42.13 220.9 54.63 233.4L159.1 338.7L393.4 105.4C405.9 92.88 426.1 92.88 438.6 105.4H438.6z\"><\/path><\/svg><\/span><span class=\"uagb-icon-list__label\">An\u00e1lisis de la competencia<\/span><\/div>\n\n\n\n<div class=\"wp-block-uagb-icon-list-child uagb-block-dfa0f5a5\"><span class=\"uagb-icon-list__source-wrap\"><svg xmlns=\"https:\/\/www.w3.org\/2000\/svg\" viewbox=\"0 0 448 512\"><path d=\"M438.6 105.4C451.1 117.9 451.1 138.1 438.6 150.6L182.6 406.6C170.1 419.1 149.9 419.1 137.4 406.6L9.372 278.6C-3.124 266.1-3.124 245.9 9.372 233.4C21.87 220.9 42.13 220.9 54.63 233.4L159.1 338.7L393.4 105.4C405.9 92.88 426.1 92.88 438.6 105.4H438.6z\"><\/path><\/svg><\/span><span class=\"uagb-icon-list__label\">An\u00e1lisis del marco jur\u00eddico<\/span><\/div>\n\n\n\n<div class=\"wp-block-uagb-icon-list-child uagb-block-c0ac2e53\"><span class=\"uagb-icon-list__source-wrap\"><svg xmlns=\"https:\/\/www.w3.org\/2000\/svg\" viewbox=\"0 0 448 512\"><path d=\"M438.6 105.4C451.1 117.9 451.1 138.1 438.6 150.6L182.6 406.6C170.1 419.1 149.9 419.1 137.4 406.6L9.372 278.6C-3.124 266.1-3.124 245.9 9.372 233.4C21.87 220.9 42.13 220.9 54.63 233.4L159.1 338.7L393.4 105.4C405.9 92.88 426.1 92.88 438.6 105.4H438.6z\"><\/path><\/svg><\/span><span class=\"uagb-icon-list__label\">Identificaci\u00f3n de eventos y ferias comerciales del sector <\/span><\/div>\n<\/div><\/div>\n<\/div>\n<\/div>\n\n\n\n<div id=\"business-prospection\" class=\"wp-block-uagb-container uagb-block-4723e5df\">\n<div class=\"wp-block-uagb-container uagb-block-0a36a850\">\n<div class=\"wp-block-uagb-image aligncenter uagb-block-1d1cd90e wp-block-uagb-image--layout-default wp-block-uagb-image--effect-static wp-block-uagb-image--align-center\"><figure class=\"wp-block-uagb-image__figure\"><img decoding=\"async\" srcset=\"https:\/\/dev.fiderenos.com\/wp-content\/uploads\/2023\/07\/prospection-plan-definition-execution-iberia.jpg ,https:\/\/dev.fiderenos.com\/wp-content\/uploads\/2023\/07\/prospection-plan-definition-execution-iberia.jpg 780w\" sizes=\"auto, (max-width: 480px) 150px\" src=\"https:\/\/dev.fiderenos.com\/wp-content\/uploads\/2023\/07\/prospection-plan-definition-execution-iberia.jpg\" alt=\"\" class=\"uag-image-26348\" width=\"300\" height=\"300\" title=\"\" loading=\"lazy\" role=\"img\"><\/figure><\/div>\n<\/div>\n\n\n\n<div class=\"wp-block-uagb-container uagb-block-05d2713d\">\n<div class=\"wp-block-uagb-advanced-heading uagb-block-37f22d2e\"><h2 class=\"uagb-heading-text\">Plan de prospecci\u00f3n comercial<\/h2><p class=\"uagb-desc-text\"><em>Prospecci\u00f3n multicanal, liderada por nuestros empleados franc\u00f3fonos<\/em><\/p><\/div>\n\n\n\n<div class=\"wp-block-uagb-icon-list uagb-block-0a2405bd\"><div class=\"uagb-icon-list__wrap\">\n<div class=\"wp-block-uagb-icon-list-child uagb-block-ee6a5c98\"><span class=\"uagb-icon-list__source-wrap\"><svg xmlns=\"https:\/\/www.w3.org\/2000\/svg\" viewbox=\"0 0 448 512\"><path d=\"M438.6 105.4C451.1 117.9 451.1 138.1 438.6 150.6L182.6 406.6C170.1 419.1 149.9 419.1 137.4 406.6L9.372 278.6C-3.124 266.1-3.124 245.9 9.372 233.4C21.87 220.9 42.13 220.9 54.63 233.4L159.1 338.7L393.4 105.4C405.9 92.88 426.1 92.88 438.6 105.4H438.6z\"><\/path><\/svg><\/span><span class=\"uagb-icon-list__label\">Ejecuci\u00f3n a partir de una lista existente de posibles clientes o creaci\u00f3n de una lista de prospecci\u00f3n desde 0<\/span><\/div>\n\n\n\n<div class=\"wp-block-uagb-icon-list-child uagb-block-7890215c\"><span class=\"uagb-icon-list__source-wrap\"><svg xmlns=\"https:\/\/www.w3.org\/2000\/svg\" viewbox=\"0 0 448 512\"><path d=\"M438.6 105.4C451.1 117.9 451.1 138.1 438.6 150.6L182.6 406.6C170.1 419.1 149.9 419.1 137.4 406.6L9.372 278.6C-3.124 266.1-3.124 245.9 9.372 233.4C21.87 220.9 42.13 220.9 54.63 233.4L159.1 338.7L393.4 105.4C405.9 92.88 426.1 92.88 438.6 105.4H438.6z\"><\/path><\/svg><\/span><span class=\"uagb-icon-list__label\">Identificaci\u00f3n de perfiles y cargos clave <\/span><\/div>\n\n\n\n<div class=\"wp-block-uagb-icon-list-child uagb-block-71534ebb\"><span class=\"uagb-icon-list__source-wrap\"><svg xmlns=\"https:\/\/www.w3.org\/2000\/svg\" viewbox=\"0 0 448 512\"><path d=\"M438.6 105.4C451.1 117.9 451.1 138.1 438.6 150.6L182.6 406.6C170.1 419.1 149.9 419.1 137.4 406.6L9.372 278.6C-3.124 266.1-3.124 245.9 9.372 233.4C21.87 220.9 42.13 220.9 54.63 233.4L159.1 338.7L393.4 105.4C405.9 92.88 426.1 92.88 438.6 105.4H438.6z\"><\/path><\/svg><\/span><span class=\"uagb-icon-list__label\">Implementaci\u00f3n de canales y guiones de prospecci\u00f3n<\/span><\/div>\n\n\n\n<div class=\"wp-block-uagb-icon-list-child uagb-block-732b90dd\"><span class=\"uagb-icon-list__source-wrap\"><svg xmlns=\"https:\/\/www.w3.org\/2000\/svg\" viewbox=\"0 0 448 512\"><path d=\"M438.6 105.4C451.1 117.9 451.1 138.1 438.6 150.6L182.6 406.6C170.1 419.1 149.9 419.1 137.4 406.6L9.372 278.6C-3.124 266.1-3.124 245.9 9.372 233.4C21.87 220.9 42.13 220.9 54.63 233.4L159.1 338.7L393.4 105.4C405.9 92.88 426.1 92.88 438.6 105.4H438.6z\"><\/path><\/svg><\/span><span class=\"uagb-icon-list__label\">Apoyo en la fase de calificaci\u00f3n de clientes potenciales<\/span><\/div>\n\n\n\n<div class=\"wp-block-uagb-icon-list-child uagb-block-51a17a66\"><span class=\"uagb-icon-list__source-wrap\"><svg xmlns=\"https:\/\/www.w3.org\/2000\/svg\" viewbox=\"0 0 448 512\"><path d=\"M438.6 105.4C451.1 117.9 451.1 138.1 438.6 150.6L182.6 406.6C170.1 419.1 149.9 419.1 137.4 406.6L9.372 278.6C-3.124 266.1-3.124 245.9 9.372 233.4C21.87 220.9 42.13 220.9 54.63 233.4L159.1 338.7L393.4 105.4C405.9 92.88 426.1 92.88 438.6 105.4H438.6z\"><\/path><\/svg><\/span><span class=\"uagb-icon-list__label\">Supervisi\u00f3n de procesos y herramientas de seguimiento de las acciones prospectivas<\/span><\/div>\n<\/div><\/div>\n<\/div>\n<\/div>\n\n\n\n<div id=\"outsourcing-business-strategy\" class=\"wp-block-uagb-container uagb-block-448ed440\">\n<div class=\"wp-block-uagb-container uagb-block-b4755252\">\n<div class=\"wp-block-uagb-image aligncenter uagb-block-0f1df627 wp-block-uagb-image--layout-default wp-block-uagb-image--effect-static wp-block-uagb-image--align-center\"><figure class=\"wp-block-uagb-image__figure\"><img decoding=\"async\" srcset=\"https:\/\/dev.fiderenos.com\/wp-content\/uploads\/2023\/07\/outsourcing-sales-business-development-strategy.jpg ,https:\/\/dev.fiderenos.com\/wp-content\/uploads\/2023\/07\/outsourcing-sales-business-development-strategy.jpg 780w, https:\/\/dev.fiderenos.com\/wp-content\/uploads\/2023\/07\/outsourcing-sales-business-development-strategy.jpg 360w\" sizes=\"auto, (max-width: 480px) 150px\" src=\"https:\/\/dev.fiderenos.com\/wp-content\/uploads\/2023\/07\/outsourcing-sales-business-development-strategy.jpg\" alt=\"\" class=\"uag-image-26373\" width=\"400\" height=\"400\" title=\"\" loading=\"lazy\" role=\"img\"><\/figure><\/div>\n<\/div>\n\n\n\n<div class=\"wp-block-uagb-container uagb-block-000f1ebd\">\n<div class=\"wp-block-uagb-advanced-heading uagb-block-38a01ceb\"><h2 class=\"uagb-heading-text\">Externalice su estrategia de ventas<\/h2><p class=\"uagb-desc-text\"><em>Un Director Comercial Internacional externalizado para gestionar todo el plan de <a href=\"https:\/\/blog.hubspot.es\/sales\/internacionalizacion\" data-type=\"link\" data-id=\"https:\/\/www.lachambre.es\/fr\/services\/se-developper\/commercial-a-temps-partage.html\" target=\"_blank\" rel=\"noopener\">internacionalizaci\u00f3n<\/a><\/em><\/p><\/div>\n\n\n\n<div class=\"wp-block-uagb-icon-list uagb-block-3df2bb17\"><div class=\"uagb-icon-list__wrap\">\n<div class=\"wp-block-uagb-icon-list-child uagb-block-841daacf\"><span class=\"uagb-icon-list__source-wrap\"><svg xmlns=\"https:\/\/www.w3.org\/2000\/svg\" viewbox=\"0 0 448 512\"><path d=\"M438.6 105.4C451.1 117.9 451.1 138.1 438.6 150.6L182.6 406.6C170.1 419.1 149.9 419.1 137.4 406.6L9.372 278.6C-3.124 266.1-3.124 245.9 9.372 233.4C21.87 220.9 42.13 220.9 54.63 233.4L159.1 338.7L393.4 105.4C405.9 92.88 426.1 92.88 438.6 105.4H438.6z\"><\/path><\/svg><\/span><span class=\"uagb-icon-list__label\">Definici\u00f3n del plan de acci\u00f3n comercial y seguimiento de KPIs seleccionados<\/span><\/div>\n\n\n\n<div class=\"wp-block-uagb-icon-list-child uagb-block-e02f372a\"><span class=\"uagb-icon-list__source-wrap\"><svg xmlns=\"https:\/\/www.w3.org\/2000\/svg\" viewbox=\"0 0 448 512\"><path d=\"M438.6 105.4C451.1 117.9 451.1 138.1 438.6 150.6L182.6 406.6C170.1 419.1 149.9 419.1 137.4 406.6L9.372 278.6C-3.124 266.1-3.124 245.9 9.372 233.4C21.87 220.9 42.13 220.9 54.63 233.4L159.1 338.7L393.4 105.4C405.9 92.88 426.1 92.88 438.6 105.4H438.6z\"><\/path><\/svg><\/span><span class=\"uagb-icon-list__label\">Desarrollo y crecimiento de la base de datos de prospects y partners <\/span><\/div>\n\n\n\n<div class=\"wp-block-uagb-icon-list-child uagb-block-842453e2\"><span class=\"uagb-icon-list__source-wrap\"><svg xmlns=\"https:\/\/www.w3.org\/2000\/svg\" viewbox=\"0 0 448 512\"><path d=\"M438.6 105.4C451.1 117.9 451.1 138.1 438.6 150.6L182.6 406.6C170.1 419.1 149.9 419.1 137.4 406.6L9.372 278.6C-3.124 266.1-3.124 245.9 9.372 233.4C21.87 220.9 42.13 220.9 54.63 233.4L159.1 338.7L393.4 105.4C405.9 92.88 426.1 92.88 438.6 105.4H438.6z\"><\/path><\/svg><\/span><span class=\"uagb-icon-list__label\">Apoyo en la implementaci\u00f3n de la estrategia Marketing y Comunicaci\u00f3n <\/span><\/div>\n\n\n\n<div class=\"wp-block-uagb-icon-list-child uagb-block-f4aeef27\"><span class=\"uagb-icon-list__source-wrap\"><svg xmlns=\"https:\/\/www.w3.org\/2000\/svg\" viewbox=\"0 0 448 512\"><path d=\"M438.6 105.4C451.1 117.9 451.1 138.1 438.6 150.6L182.6 406.6C170.1 419.1 149.9 419.1 137.4 406.6L9.372 278.6C-3.124 266.1-3.124 245.9 9.372 233.4C21.87 220.9 42.13 220.9 54.63 233.4L159.1 338.7L393.4 105.4C405.9 92.88 426.1 92.88 438.6 105.4H438.6z\"><\/path><\/svg><\/span><span class=\"uagb-icon-list__label\">Externalizaci\u00f3n de todo el ciclo de ventas: prospecci\u00f3n, detecci\u00f3n, seguimiento, recordatorios, negociaciones y cierre de oportunidades<\/span><\/div>\n\n\n\n<div class=\"wp-block-uagb-icon-list-child uagb-block-b55e2947\"><span class=\"uagb-icon-list__source-wrap\"><svg xmlns=\"https:\/\/www.w3.org\/2000\/svg\" viewbox=\"0 0 448 512\"><path d=\"M438.6 105.4C451.1 117.9 451.1 138.1 438.6 150.6L182.6 406.6C170.1 419.1 149.9 419.1 137.4 406.6L9.372 278.6C-3.124 266.1-3.124 245.9 9.372 233.4C21.87 220.9 42.13 220.9 54.63 233.4L159.1 338.7L393.4 105.4C405.9 92.88 426.1 92.88 438.6 105.4H438.6z\"><\/path><\/svg><\/span><span class=\"uagb-icon-list__label\">Apoyo en las ofertas en procesos de licitaciones<\/span><\/div>\n\n\n\n<div class=\"wp-block-uagb-icon-list-child uagb-block-e945ddff\"><span class=\"uagb-icon-list__source-wrap\"><svg xmlns=\"https:\/\/www.w3.org\/2000\/svg\" viewbox=\"0 0 448 512\"><path d=\"M438.6 105.4C451.1 117.9 451.1 138.1 438.6 150.6L182.6 406.6C170.1 419.1 149.9 419.1 137.4 406.6L9.372 278.6C-3.124 266.1-3.124 245.9 9.372 233.4C21.87 220.9 42.13 220.9 54.63 233.4L159.1 338.7L393.4 105.4C405.9 92.88 426.1 92.88 438.6 105.4H438.6z\"><\/path><\/svg><\/span><span class=\"uagb-icon-list__label\">Supervisi\u00f3n de la administraci\u00f3n de ventas<\/span><\/div>\n\n\n\n<div class=\"wp-block-uagb-icon-list-child uagb-block-4b0f080c\"><span class=\"uagb-icon-list__source-wrap\"><svg xmlns=\"https:\/\/www.w3.org\/2000\/svg\" viewbox=\"0 0 448 512\"><path d=\"M438.6 105.4C451.1 117.9 451.1 138.1 438.6 150.6L182.6 406.6C170.1 419.1 149.9 419.1 137.4 406.6L9.372 278.6C-3.124 266.1-3.124 245.9 9.372 233.4C21.87 220.9 42.13 220.9 54.63 233.4L159.1 338.7L393.4 105.4C405.9 92.88 426.1 92.88 438.6 105.4H438.6z\"><\/path><\/svg><\/span><span class=\"uagb-icon-list__label\">Participaci\u00f3n en eventos y ferias comerciales del sector<\/span><\/div>\n<\/div><\/div>\n<\/div>\n<\/div>\n<\/div>\n\n\n\n<div class=\"wp-block-cover\" style=\"min-height:275px;aspect-ratio:unset;\"><span aria-hidden=\"true\" class=\"wp-block-cover__background has-ast-global-color-0-background-color has-background-dim-100 has-background-dim\"><\/span><div class=\"wp-block-cover__inner-container is-layout-flow wp-block-cover-is-layout-flow\">\n<h3 class=\"wp-block-heading has-text-align-center has-ast-global-color-5-color has-text-color\">\u00bfTe planteas una fase de desarrollo internacional de tu negocio?<\/h3>\n\n\n\n<p class=\"has-text-align-center has-ast-global-color-5-color has-text-color\">\u00a1Coment\u00e9moslo!<\/p>\n\n\n\n<div class=\"wp-block-uagb-buttons uagb-buttons__outer-wrap uagb-btn__default-btn uagb-btn-tablet__default-btn uagb-btn-mobile__default-btn uagb-block-3fc765d6\"><div class=\"uagb-buttons__wrap uagb-buttons-layout-wrap \">\n<div class=\"wp-block-uagb-buttons-child uagb-buttons__outer-wrap uagb-block-8b0e2883 wp-block-button\"><div class=\"uagb-button__wrapper\"><a class=\"uagb-buttons-repeater wp-block-button__link\" aria-label=\"\" href=\"https:\/\/dev.fiderenos.com\/es\/contacto\/#contact-form-fiderenos\" rel=\"follow noopener\" target=\"_self\"><div class=\"uagb-button__link\">Escr\u00edbenos<\/div><\/a><\/div><\/div>\n<\/div><\/div>\n<\/div><\/div>\n<\/div><\/div>\n","protected":false},"excerpt":{"rendered":"<p>An\u00e1lisis de mercado Descubrir el contexto y potencial del mercado franc\u00e8s antes de iniciar una fase de prospecci\u00f3n Plan de prospecci\u00f3n comercial Prospecci\u00f3n multicanal, liderada por nuestros empleados franc\u00f3fonos Externalice su estrategia de ventas Un Director Comercial Internacional externalizado para gestionar todo el plan de internacionalizaci\u00f3n<\/p>\n","protected":false},"author":1,"featured_media":0,"parent":0,"menu_order":0,"comment_status":"closed","ping_status":"closed","template":"","meta":{"_uag_custom_page_level_css":"","site-sidebar-layout":"no-sidebar","site-content-layout":"plain-container","ast-site-content-layout":"normal-width-container","site-content-style":"unboxed","site-sidebar-style":"unboxed","ast-global-header-display":"","ast-banner-title-visibility":"","ast-main-header-display":"","ast-hfb-above-header-display":"","ast-hfb-below-header-display":"","ast-hfb-mobile-header-display":"","site-post-title":"disabled","ast-breadcrumbs-content":"","ast-featured-img":"","footer-sml-layout":"","ast-disable-related-posts":"","theme-transparent-header-meta":"enabled","adv-header-id-meta":"","stick-header-meta":"","header-above-stick-meta":"","header-main-stick-meta":"","header-below-stick-meta":"","astra-migrate-meta-layouts":"set","ast-page-background-enabled":"default","ast-page-background-meta":{"desktop":{"background-color":"","background-image":"","background-repeat":"repeat","background-position":"center center","background-size":"auto","background-attachment":"scroll","background-type":"","background-media":"","overlay-type":"","overlay-color":"","overlay-opacity":"","overlay-gradient":""},"tablet":{"background-color":"","background-image":"","background-repeat":"repeat","background-position":"center center","background-size":"auto","background-attachment":"scroll","background-type":"","background-media":"","overlay-type":"","overlay-color":"","overlay-opacity":"","overlay-gradient":""},"mobile":{"background-color":"","background-image":"","background-repeat":"repeat","background-position":"center center","background-size":"auto","background-attachment":"scroll","background-type":"","background-media":"","overlay-type":"","overlay-color":"","overlay-opacity":"","overlay-gradient":""}},"ast-content-background-meta":{"desktop":{"background-color":"var(--ast-global-color-5)","background-image":"","background-repeat":"repeat","background-position":"center center","background-size":"auto","background-attachment":"scroll","background-type":"","background-media":"","overlay-type":"","overlay-color":"","overlay-opacity":"","overlay-gradient":""},"tablet":{"background-color":"var(--ast-global-color-5)","background-image":"","background-repeat":"repeat","background-position":"center center","background-size":"auto","background-attachment":"scroll","background-type":"","background-media":"","overlay-type":"","overlay-color":"","overlay-opacity":"","overlay-gradient":""},"mobile":{"background-color":"var(--ast-global-color-5)","background-image":"","background-repeat":"repeat","background-position":"center center","background-size":"auto","background-attachment":"scroll","background-type":"","background-media":"","overlay-type":"","overlay-color":"","overlay-opacity":"","overlay-gradient":""}},"footnotes":""},"class_list":["post-26817","page","type-page","status-publish","hentry"],"uagb_featured_image_src":{"full":false,"thumbnail":false,"medium":false,"medium_large":false,"large":false,"1536x1536":false,"2048x2048":false},"uagb_author_info":{"display_name":"Loic","author_link":"https:\/\/dev.fiderenos.com\/es\/author\/webmaster\/"},"uagb_comment_info":0,"uagb_excerpt":"An\u00e1lisis de mercado Descubrir el contexto y potencial del mercado franc\u00e8s antes de iniciar una fase de prospecci\u00f3n Plan de prospecci\u00f3n comercial Prospecci\u00f3n multicanal, liderada por nuestros empleados franc\u00f3fonos Externalice su estrategia de ventas Un Director Comercial Internacional externalizado para gestionar todo el plan de internacionalizaci\u00f3n","_links":{"self":[{"href":"https:\/\/dev.fiderenos.com\/es\/wp-json\/wp\/v2\/pages\/26817","targetHints":{"allow":["GET"]}}],"collection":[{"href":"https:\/\/dev.fiderenos.com\/es\/wp-json\/wp\/v2\/pages"}],"about":[{"href":"https:\/\/dev.fiderenos.com\/es\/wp-json\/wp\/v2\/types\/page"}],"author":[{"embeddable":true,"href":"https:\/\/dev.fiderenos.com\/es\/wp-json\/wp\/v2\/users\/1"}],"replies":[{"embeddable":true,"href":"https:\/\/dev.fiderenos.com\/es\/wp-json\/wp\/v2\/comments?post=26817"}],"version-history":[{"count":0,"href":"https:\/\/dev.fiderenos.com\/es\/wp-json\/wp\/v2\/pages\/26817\/revisions"}],"wp:attachment":[{"href":"https:\/\/dev.fiderenos.com\/es\/wp-json\/wp\/v2\/media?parent=26817"}],"curies":[{"name":"wp","href":"https:\/\/api.w.org\/{rel}","templated":true}]}}